{"id":100,"date":"2012-04-04T18:34:28","date_gmt":"2012-04-04T16:34:28","guid":{"rendered":"http:\/\/www.bdfil.ch\/boutique\/?post_type=product&#038;p=100"},"modified":"2017-05-31T13:10:20","modified_gmt":"2017-05-31T11:10:20","slug":"tirage-offset-affiche-juillard-2008","status":"publish","type":"product","link":"https:\/\/bdfil.ch\/boutique\/produit\/tirage-offset-affiche-juillard-2008\/","title":{"rendered":"Tirage offset limit\u00e9 de l&rsquo;affiche BDFIL 2008 Andr\u00e9 Juillard Format A3"},"content":{"rendered":"<p>Reproduction du dessin original de l&rsquo;affiche.<\/p>\n<p>Couleur, sign\u00e9, num\u00e9rot\u00e9 150 exemplaires. Format 29 cm x 42 cm.<\/p>\n","protected":false},"excerpt":{"rendered":"<p>Reproduction du dessin original de l&rsquo;affiche. Couleur, sign\u00e9, num\u00e9rot\u00e9 150 exemplaires. Format 29 cm x 42 cm.<\/p>\n","protected":false},"featured_media":101,"comment_status":"open","ping_status":"closed","template":"","meta":[],"_links":{"self":[{"href":"https:\/\/bdfil.ch\/boutique\/wp-json\/wp\/v2\/product\/100"}],"collection":[{"href":"https:\/\/bdfil.ch\/boutique\/wp-json\/wp\/v2\/product"}],"about":[{"href":"https:\/\/bdfil.ch\/boutique\/wp-json\/wp\/v2\/types\/product"}],"replies":[{"embeddable":true,"href":"https:\/\/bdfil.ch\/boutique\/wp-json\/wp\/v2\/comments?post=100"}],"wp:featuredmedia":[{"embeddable":true,"href":"https:\/\/bdfil.ch\/boutique\/wp-json\/wp\/v2\/media\/101"}],"wp:attachment":[{"href":"https:\/\/bdfil.ch\/boutique\/wp-json\/wp\/v2\/media?parent=100"}],"curies":[{"name":"wp","href":"https:\/\/api.w.org\/{rel}","templated":true}]}}