{"id":107,"date":"2012-04-05T10:42:24","date_gmt":"2012-04-05T08:42:24","guid":{"rendered":"http:\/\/www.bdfil.ch\/boutique\/?post_type=product&#038;p=107"},"modified":"2021-10-06T07:57:40","modified_gmt":"2021-10-06T05:57:40","slug":"2007-tirage-limite-affiche","status":"publish","type":"product","link":"https:\/\/bdfil.ch\/boutique\/produit\/2007-tirage-limite-affiche\/","title":{"rendered":"2007 \/ Tirage limit\u00e9 affiche"},"content":{"rendered":"<p>Couleur, sign\u00e9, num\u00e9rot\u00e9, 150 exemplaires.<\/p>\n<p>Dimensions : 42 x 29,7 cm<\/p>\n","protected":false},"excerpt":{"rendered":"<p>Couleur, sign\u00e9, num\u00e9rot\u00e9, 150 exemplaires. Dimensions : 42 x 29,7 cm<\/p>\n","protected":false},"featured_media":108,"comment_status":"open","ping_status":"closed","template":"","meta":[],"_links":{"self":[{"href":"https:\/\/bdfil.ch\/boutique\/wp-json\/wp\/v2\/product\/107"}],"collection":[{"href":"https:\/\/bdfil.ch\/boutique\/wp-json\/wp\/v2\/product"}],"about":[{"href":"https:\/\/bdfil.ch\/boutique\/wp-json\/wp\/v2\/types\/product"}],"replies":[{"embeddable":true,"href":"https:\/\/bdfil.ch\/boutique\/wp-json\/wp\/v2\/comments?post=107"}],"wp:featuredmedia":[{"embeddable":true,"href":"https:\/\/bdfil.ch\/boutique\/wp-json\/wp\/v2\/media\/108"}],"wp:attachment":[{"href":"https:\/\/bdfil.ch\/boutique\/wp-json\/wp\/v2\/media?parent=107"}],"curies":[{"name":"wp","href":"https:\/\/api.w.org\/{rel}","templated":true}]}}