{"id":1076,"date":"2021-06-22T17:17:08","date_gmt":"2021-06-22T15:17:08","guid":{"rendered":"http:\/\/www.bdfil.ch\/boutique\/?post_type=product&#038;p=1076"},"modified":"2021-06-28T11:10:50","modified_gmt":"2021-06-28T09:10:50","slug":"affiche-2021-bdfil-anouk-ricard-sans-logo","status":"publish","type":"product","link":"https:\/\/bdfil.ch\/boutique\/produit\/affiche-2021-bdfil-anouk-ricard-sans-logo\/","title":{"rendered":"Affiche 2021 BDFIL &#8211; Anouk Ricard"},"content":{"rendered":"<p>Les affiches seront envoy\u00e9es d\u00e8s le 2 ao\u00fbt mais vous pouvez d\u00e9j\u00e0 passer commande<br \/>\nDiff\u00e9rents formats \u00e0 choix : F4, A2 ou A3<\/p>\n<p>Affiche de l\u2019\u00e9dition 2021 de BDFIL, dessin\u00e9e par Anouk Ricard.<\/p>\n<p>Bien reconnaissable \u00e0 son humour d\u00e9cal\u00e9, Anouk Ricard signe l\u2019affiche de <em>Mona L\u00f4zane<\/em>, exposition collective qui r\u00e9unit 39 r\u00e9interpr\u00e9tations in\u00e9dites du tableau le plus c\u00e9l\u00e8bre du monde, par des artistes de Suisse et des trois continents. Elles seront \u00e0 d\u00e9couvrir dans une Arcade de Plateforme10 et envahiront la rue de Bourg \u00e0 la fin de l\u2019\u00e9t\u00e9.<\/p>\n","protected":false},"excerpt":{"rendered":"<p>Affiche en pr\u00e9vente, envoi possible d\u00e8s le 2 ao\u00fbt 2021!<br \/>\nDessin\u00e9e par Anouk Ricard \u00e0 l&rsquo;occasion de la 16\u00e8me \u00e9dition de BDFIL<\/p>\n","protected":false},"featured_media":1080,"comment_status":"open","ping_status":"closed","template":"","meta":[],"_links":{"self":[{"href":"https:\/\/bdfil.ch\/boutique\/wp-json\/wp\/v2\/product\/1076"}],"collection":[{"href":"https:\/\/bdfil.ch\/boutique\/wp-json\/wp\/v2\/product"}],"about":[{"href":"https:\/\/bdfil.ch\/boutique\/wp-json\/wp\/v2\/types\/product"}],"replies":[{"embeddable":true,"href":"https:\/\/bdfil.ch\/boutique\/wp-json\/wp\/v2\/comments?post=1076"}],"wp:featuredmedia":[{"embeddable":true,"href":"https:\/\/bdfil.ch\/boutique\/wp-json\/wp\/v2\/media\/1080"}],"wp:attachment":[{"href":"https:\/\/bdfil.ch\/boutique\/wp-json\/wp\/v2\/media?parent=1076"}],"curies":[{"name":"wp","href":"https:\/\/api.w.org\/{rel}","templated":true}]}}