{"id":1153,"date":"2021-09-27T09:35:14","date_gmt":"2021-09-27T07:35:14","guid":{"rendered":"http:\/\/www.bdfil.ch\/boutique\/?post_type=product&#038;p=1153"},"modified":"2021-09-27T09:44:20","modified_gmt":"2021-09-27T07:44:20","slug":"revue-bedephile-6","status":"publish","type":"product","link":"https:\/\/bdfil.ch\/boutique\/produit\/revue-bedephile-6\/","title":{"rendered":"Revue B\u00e9d\u00e9phile #6"},"content":{"rendered":"","protected":false},"excerpt":{"rendered":"<p>Sixi\u00e8me num\u00e9ro de la revue annuelle B\u00e9d\u00e9phile ou\u0300 l\u2019on trouvera deux dossiers regorgeant d\u2019ine\u0301dites richesses, le premier consacre\u0301 a\u0300 Tardi (75 ans), le second a\u0300 la Joconde (542 ou 518, selon que l\u2019on parle de la femme ou du tableau)&#8230;<\/p>\n<div class=\"page\" title=\"Page 63\">\n<div class=\"layoutArea\">\n<div class=\"column\">\n<p>Ou\u0300, pour la premie\u0300re fois, le plus ce\u0301le\u0300bre portrait de l\u2019histoire de l\u2019art se trouvera livre\u0301 en pa\u0302ture a\u0300 une meute d\u2019artistes des trois continents : Albertine, Baladi, Jordi Bernet, Dominique Bertail, Blexbolex, Blutch, Rachel Deville, Emil Ferris, Gabriella Giandelli, Herr Seele, Joko, Atsushi Kaneko, Killoffer, Juliette Mancini, Antoine Marchalot, Lorenzo Mattotti, Dave McKean, JC Menu, Fanny Michae\u0308lis, Frank Miller, Giacomo Nanni, Thomas Ott, Philippe Pache, Frederik Peeters, Sandrine Pelletier &amp; Matthias Bruggmann, Isabelle Pralong, David Prudhomme, Nadia Raviscioni &amp; Fabio Viscogliosi, Anouk Ricard, Simon Roussin, Ruppert &amp; Mulot, Anna Sommer, Tardi, Tom Tirabosco, Lewis Trondheim, Bastien Vive\u0300s, Willem, Aure\u0301lie William Levaux, Winshluss.<\/p>\n<p>Ou\u0300, de Conan the Barbarian de John Buscema a\u0300 Sur la road de Pierre Schilling en passant par le chat Milton et plein d\u2019autres choses encore, on voyagera a\u0300 travers les a\u0302ges, contre\u0301es et dimensions du me\u0301dium que l\u2019on aime.<\/p>\n<p>Et ou\u0300 l\u2019on finira par se demander si l\u2019on n\u2019aurait pas affaire ici a\u0300 cette revue la plus BD, oui, la plus&#8230; Be\u0301de\u0301phile !<\/p>\n<\/div>\n<\/div>\n<\/div>\n","protected":false},"featured_media":1158,"comment_status":"open","ping_status":"closed","template":"","meta":[],"_links":{"self":[{"href":"https:\/\/bdfil.ch\/boutique\/wp-json\/wp\/v2\/product\/1153"}],"collection":[{"href":"https:\/\/bdfil.ch\/boutique\/wp-json\/wp\/v2\/product"}],"about":[{"href":"https:\/\/bdfil.ch\/boutique\/wp-json\/wp\/v2\/types\/product"}],"replies":[{"embeddable":true,"href":"https:\/\/bdfil.ch\/boutique\/wp-json\/wp\/v2\/comments?post=1153"}],"wp:featuredmedia":[{"embeddable":true,"href":"https:\/\/bdfil.ch\/boutique\/wp-json\/wp\/v2\/media\/1158"}],"wp:attachment":[{"href":"https:\/\/bdfil.ch\/boutique\/wp-json\/wp\/v2\/media?parent=1153"}],"curies":[{"name":"wp","href":"https:\/\/api.w.org\/{rel}","templated":true}]}}