{"id":1178,"date":"2021-10-11T17:12:34","date_gmt":"2021-10-11T15:12:34","guid":{"rendered":"http:\/\/www.bdfil.ch\/boutique\/?post_type=product&#038;p=1178"},"modified":"2021-11-25T17:00:36","modified_gmt":"2021-11-25T15:00:36","slug":"illugraphie-tardi-2021","status":"publish","type":"product","link":"https:\/\/bdfil.ch\/boutique\/produit\/illugraphie-tardi-2021\/","title":{"rendered":"Illugraphie Tardi 2021"},"content":{"rendered":"<p><strong>Tardi, <em>Affiche BDFIL 2021<\/em><\/strong><\/p>\n<p>Illugraphie sur Materica Limestone 180 gm2, 420 x 310 mm<br \/>\ntir\u00e9e \u00e0 75 exemplaires (+XXV) sur les presses de Roger Emmenegger (Datatype SA, Lausanne)<br \/>\njustifi\u00e9e et sign\u00e9e par l\u2019artiste<\/p>\n","protected":false},"excerpt":{"rendered":"<p>Tardi, Affiche BDFIL 2021 Illugraphie sur Materica Limestone 180 gm2, 420 x 310 mm tir\u00e9e \u00e0 75 exemplaires (+XXV) sur les presses de Roger Emmenegger (Datatype SA, Lausanne) justifi\u00e9e et sign\u00e9e par l\u2019artiste<\/p>\n","protected":false},"featured_media":1179,"comment_status":"open","ping_status":"closed","template":"","meta":[],"_links":{"self":[{"href":"https:\/\/bdfil.ch\/boutique\/wp-json\/wp\/v2\/product\/1178"}],"collection":[{"href":"https:\/\/bdfil.ch\/boutique\/wp-json\/wp\/v2\/product"}],"about":[{"href":"https:\/\/bdfil.ch\/boutique\/wp-json\/wp\/v2\/types\/product"}],"replies":[{"embeddable":true,"href":"https:\/\/bdfil.ch\/boutique\/wp-json\/wp\/v2\/comments?post=1178"}],"wp:featuredmedia":[{"embeddable":true,"href":"https:\/\/bdfil.ch\/boutique\/wp-json\/wp\/v2\/media\/1179"}],"wp:attachment":[{"href":"https:\/\/bdfil.ch\/boutique\/wp-json\/wp\/v2\/media?parent=1178"}],"curies":[{"name":"wp","href":"https:\/\/api.w.org\/{rel}","templated":true}]}}