{"id":1180,"date":"2021-10-11T17:28:44","date_gmt":"2021-10-11T15:28:44","guid":{"rendered":"http:\/\/www.bdfil.ch\/boutique\/?post_type=product&#038;p=1180"},"modified":"2021-12-08T22:09:22","modified_gmt":"2021-12-08T20:09:22","slug":"illugraphie-thomas-ott-2021","status":"publish","type":"product","link":"https:\/\/bdfil.ch\/boutique\/produit\/illugraphie-thomas-ott-2021\/","title":{"rendered":"Illugraphie Thomas Ott 2021"},"content":{"rendered":"<p><strong>Thomas Ott,\u00a0<em> Asil Anom <\/em>(<em>Joconde<\/em>, BDFIL 2021)<\/strong><\/p>\n<p>Illugraphie sur Materica Limestone 180 gm2, 420 x 310 mm<br \/>\ntir\u00e9e \u00e0 75 exemplaires (+XXV) sur les presses de Roger Emmenegger (Datatype SA, Lausanne)<br \/>\njustifi\u00e9e et sign\u00e9e par l\u2019artiste<\/p>\n","protected":false},"excerpt":{"rendered":"<p>Thomas Ott,\u00a0 Asil Anom (Joconde, BDFIL 2021) Illugraphie sur Materica Limestone 180 gm2, 420 x 310 mm tir\u00e9e \u00e0 75 exemplaires (+XXV) sur les presses de Roger Emmenegger (Datatype SA, Lausanne) justifi\u00e9e et sign\u00e9e par l\u2019artiste<\/p>\n","protected":false},"featured_media":1181,"comment_status":"open","ping_status":"closed","template":"","meta":[],"_links":{"self":[{"href":"https:\/\/bdfil.ch\/boutique\/wp-json\/wp\/v2\/product\/1180"}],"collection":[{"href":"https:\/\/bdfil.ch\/boutique\/wp-json\/wp\/v2\/product"}],"about":[{"href":"https:\/\/bdfil.ch\/boutique\/wp-json\/wp\/v2\/types\/product"}],"replies":[{"embeddable":true,"href":"https:\/\/bdfil.ch\/boutique\/wp-json\/wp\/v2\/comments?post=1180"}],"wp:featuredmedia":[{"embeddable":true,"href":"https:\/\/bdfil.ch\/boutique\/wp-json\/wp\/v2\/media\/1181"}],"wp:attachment":[{"href":"https:\/\/bdfil.ch\/boutique\/wp-json\/wp\/v2\/media?parent=1180"}],"curies":[{"name":"wp","href":"https:\/\/api.w.org\/{rel}","templated":true}]}}