{"id":1192,"date":"2021-10-12T16:55:29","date_gmt":"2021-10-12T14:55:29","guid":{"rendered":"http:\/\/www.bdfil.ch\/boutique\/?post_type=product&#038;p=1192"},"modified":"2021-10-13T15:26:45","modified_gmt":"2021-10-13T13:26:45","slug":"illugraphie-anna-sommer-2016","status":"publish","type":"product","link":"https:\/\/bdfil.ch\/boutique\/produit\/illugraphie-anna-sommer-2016\/","title":{"rendered":"Illugraphie Anna Sommer 2016"},"content":{"rendered":"<p><strong>Anna Sommer, <em>La souris blanche<\/em> (<em>Hommage \u00e0 Steinlen<\/em>, BDFIL 2016)<\/strong><\/p>\n<p>Illugraphie sur Arches 100% coton, 230 x 175 mm<br \/>\ntir\u00e9e \u00e0 150 exemplaires (+XX) sur les presses de Roger Emmenegger (Datatype SA, Lausanne)<br \/>\njustifi\u00e9e et sign\u00e9e par l\u2019artiste<\/p>\n","protected":false},"excerpt":{"rendered":"<p>Anna Sommer, La souris blanche (Hommage \u00e0 Steinlen, BDFIL 2016) Illugraphie sur Arches 100% coton, 230 x 175 mm tir\u00e9e \u00e0 150 exemplaires (+XX) sur les presses de Roger Emmenegger (Datatype SA, Lausanne) justifi\u00e9e et sign\u00e9e par l\u2019artiste<\/p>\n","protected":false},"featured_media":1193,"comment_status":"open","ping_status":"closed","template":"","meta":[],"_links":{"self":[{"href":"https:\/\/bdfil.ch\/boutique\/wp-json\/wp\/v2\/product\/1192"}],"collection":[{"href":"https:\/\/bdfil.ch\/boutique\/wp-json\/wp\/v2\/product"}],"about":[{"href":"https:\/\/bdfil.ch\/boutique\/wp-json\/wp\/v2\/types\/product"}],"replies":[{"embeddable":true,"href":"https:\/\/bdfil.ch\/boutique\/wp-json\/wp\/v2\/comments?post=1192"}],"wp:featuredmedia":[{"embeddable":true,"href":"https:\/\/bdfil.ch\/boutique\/wp-json\/wp\/v2\/media\/1193"}],"wp:attachment":[{"href":"https:\/\/bdfil.ch\/boutique\/wp-json\/wp\/v2\/media?parent=1192"}],"curies":[{"name":"wp","href":"https:\/\/api.w.org\/{rel}","templated":true}]}}