{"id":1300,"date":"2023-04-22T16:14:35","date_gmt":"2023-04-22T14:14:35","guid":{"rendered":"https:\/\/bdfil.ch\/boutique\/?post_type=product&#038;p=1300"},"modified":"2023-06-13T15:31:46","modified_gmt":"2023-06-13T13:31:46","slug":"affiche-2023-bdfil-etienne-lecroart","status":"publish","type":"product","link":"https:\/\/bdfil.ch\/boutique\/produit\/affiche-2023-bdfil-etienne-lecroart\/","title":{"rendered":"Affiche 2023 BDFIL &#8211; \u00c9tienne L\u00e9croart"},"content":{"rendered":"<p><strong>BD=MC2, Les sciences en case<\/strong><\/p>\n<p>Affiche th\u00e9matique de l\u2019\u00e9dition 2023 de BDFIL, dessin\u00e9e par \u00c9tienne L\u00e9croart.<\/p>\n<p>Format F4 uniquement<\/p>\n","protected":false},"excerpt":{"rendered":"<p><strong>BD=MC2, Les sciences en case<\/strong><br \/>\nDessin\u00e9e par \u00c9tienne L\u00e9croart<br \/>\nTh\u00e9matique annuelle de la 17\u00e8me \u00e9dition de BDFIL<\/p>\n","protected":false},"featured_media":1304,"comment_status":"open","ping_status":"closed","template":"","meta":[],"_links":{"self":[{"href":"https:\/\/bdfil.ch\/boutique\/wp-json\/wp\/v2\/product\/1300"}],"collection":[{"href":"https:\/\/bdfil.ch\/boutique\/wp-json\/wp\/v2\/product"}],"about":[{"href":"https:\/\/bdfil.ch\/boutique\/wp-json\/wp\/v2\/types\/product"}],"replies":[{"embeddable":true,"href":"https:\/\/bdfil.ch\/boutique\/wp-json\/wp\/v2\/comments?post=1300"}],"wp:featuredmedia":[{"embeddable":true,"href":"https:\/\/bdfil.ch\/boutique\/wp-json\/wp\/v2\/media\/1304"}],"wp:attachment":[{"href":"https:\/\/bdfil.ch\/boutique\/wp-json\/wp\/v2\/media?parent=1300"}],"curies":[{"name":"wp","href":"https:\/\/api.w.org\/{rel}","templated":true}]}}