{"id":1349,"date":"2023-06-20T17:49:22","date_gmt":"2023-06-20T15:49:22","guid":{"rendered":"https:\/\/bdfil.ch\/boutique\/?post_type=product&#038;p=1349"},"modified":"2026-04-26T14:34:50","modified_gmt":"2026-04-26T12:34:50","slug":"tirage-limite-affiche-2023-penelope-bagieu","status":"publish","type":"product","link":"https:\/\/bdfil.ch\/boutique\/produit\/tirage-limite-affiche-2023-penelope-bagieu\/","title":{"rendered":"Tirage limit\u00e9 affiche 2023 &#8211; P\u00e9n\u00e9lope Bagieu"},"content":{"rendered":"<p>Tirage sign\u00e9 et num\u00e9rot\u00e9 en 100 exemplaires de l&rsquo;affiche dessin\u00e9e par P\u00e9n\u00e9lope Bagieu<\/p>\n<p>Impression jet d&rsquo;encre sur papier photo<\/p>\n<p>280g\/m2,\u00a0\u00a030 x 30cm<\/p>\n","protected":false},"excerpt":{"rendered":"<p>Tirage sign\u00e9 et num\u00e9rot\u00e9 en 100 exemplaires de l&rsquo;affiche dessin\u00e9e par P\u00e9n\u00e9lope Bagieu Impression jet d&rsquo;encre sur papier photo 280g\/m2,\u00a0\u00a030 x 30cm<\/p>\n","protected":false},"featured_media":1350,"comment_status":"open","ping_status":"closed","template":"","meta":[],"_links":{"self":[{"href":"https:\/\/bdfil.ch\/boutique\/wp-json\/wp\/v2\/product\/1349"}],"collection":[{"href":"https:\/\/bdfil.ch\/boutique\/wp-json\/wp\/v2\/product"}],"about":[{"href":"https:\/\/bdfil.ch\/boutique\/wp-json\/wp\/v2\/types\/product"}],"replies":[{"embeddable":true,"href":"https:\/\/bdfil.ch\/boutique\/wp-json\/wp\/v2\/comments?post=1349"}],"wp:featuredmedia":[{"embeddable":true,"href":"https:\/\/bdfil.ch\/boutique\/wp-json\/wp\/v2\/media\/1350"}],"wp:attachment":[{"href":"https:\/\/bdfil.ch\/boutique\/wp-json\/wp\/v2\/media?parent=1349"}],"curies":[{"name":"wp","href":"https:\/\/api.w.org\/{rel}","templated":true}]}}