{"id":1379,"date":"2024-01-11T17:06:43","date_gmt":"2024-01-11T15:06:43","guid":{"rendered":"https:\/\/bdfil.ch\/boutique\/?post_type=product&#038;p=1379"},"modified":"2024-01-21T18:27:17","modified_gmt":"2024-01-21T16:27:17","slug":"lecho-de-bdfil-2023","status":"publish","type":"product","link":"https:\/\/bdfil.ch\/boutique\/produit\/lecho-de-bdfil-2023\/","title":{"rendered":"L&rsquo;\u00e9cho de BDFIL &#8211; 2023"},"content":{"rendered":"<p>Lors de l\u2019\u00e9dition 2023, BDFIL a propos\u00e9 une rencontre en toute intimit\u00e9 avec la dessinatrice P\u00e9n\u00e9lope Bagieu, pour la premi\u00e8re fois mise \u00e0 l\u2019honneur par une r\u00e9trospective; une exposition sur Taiwan, premier pays invit\u00e9 de BDFIL, o\u00f9 la bande dessin\u00e9e devient un outil pour d\u00e9fendre la d\u00e9mocratie; le retour des h\u00e9ros de guerre que sont les Tuniques bleues; le public aura \u00e9galement pu (re)d\u00e9couvrir les magazines de bande dessin\u00e9e pour fillettes du si\u00e8cle dernier, tr\u00e9sor patrimonial du Centre BD de la Ville de Lausanne ; et faire la connaissance de l\u2019artiste lausannoise Maou et de son histoire personnelle familiale abordant les questions de l\u2019adoption internationale et de la politique chinoise de l\u2019enfant unique.<br \/>\nEn plus de ces expositions, BDFIL prolonge la r\u00e9flexion sur le neuvi\u00e8me art en invitant des chercheurs et chercheuses \u00e0 questionner les diff\u00e9rentes r\u00e9ceptions de la BD en langue \u00e9trang\u00e8re, ainsi qu\u2019une illustratrice lausannoise \u00e0 porter un regard personnel sur cette \u00e9dition.<\/p>\n<p>Kovaliv, Ga\u00eblle<br \/>\nMarkowiak, Barbara<br \/>\nPorchet, L\u00e9onore<\/p>\n<p>ISBN:978-2-88901-260-2, janvier 2024, 56 pages<\/p>\n","protected":false},"excerpt":{"rendered":"<p>Depuis 2005, Lausanne accueille le Festival international de bande dessin\u00e9e. BDFIL se dote d\u2019un nouveau format depuis 2023 en se d\u00e9roulant sur deux semaines au printemps. Cette revue annuelle revient sur l\u2019\u00e9dition 2023 avec P\u00e9n\u00e9lope Bagieu comme invit\u00e9e d\u2019honneur.<\/p>\n","protected":false},"featured_media":1380,"comment_status":"open","ping_status":"closed","template":"","meta":[],"_links":{"self":[{"href":"https:\/\/bdfil.ch\/boutique\/wp-json\/wp\/v2\/product\/1379"}],"collection":[{"href":"https:\/\/bdfil.ch\/boutique\/wp-json\/wp\/v2\/product"}],"about":[{"href":"https:\/\/bdfil.ch\/boutique\/wp-json\/wp\/v2\/types\/product"}],"replies":[{"embeddable":true,"href":"https:\/\/bdfil.ch\/boutique\/wp-json\/wp\/v2\/comments?post=1379"}],"wp:featuredmedia":[{"embeddable":true,"href":"https:\/\/bdfil.ch\/boutique\/wp-json\/wp\/v2\/media\/1380"}],"wp:attachment":[{"href":"https:\/\/bdfil.ch\/boutique\/wp-json\/wp\/v2\/media?parent=1379"}],"curies":[{"name":"wp","href":"https:\/\/api.w.org\/{rel}","templated":true}]}}