{"id":1457,"date":"2024-05-22T10:23:16","date_gmt":"2024-05-22T08:23:16","guid":{"rendered":"https:\/\/bdfil.ch\/boutique\/?post_type=product&#038;p=1457"},"modified":"2024-05-22T10:34:04","modified_gmt":"2024-05-22T08:34:04","slug":"booklet-de-cartes-postales-2024","status":"publish","type":"product","link":"https:\/\/bdfil.ch\/boutique\/produit\/booklet-de-cartes-postales-2024\/","title":{"rendered":"Booklet de cartes postales 2024"},"content":{"rendered":"<p>Carnet souvenir de 12 cartes postales r\u00e9alis\u00e9es \u00e0 l&rsquo;occasion de la 18\u00e8me \u00e9dition de BDFIL, avec des reproductions de Tom Tirabosco.<\/p>\n","protected":false},"excerpt":{"rendered":"<p>12 cartes postales de Tom Tirabosco &#8211; BDFIL 2024<\/p>\n","protected":false},"featured_media":1458,"comment_status":"open","ping_status":"closed","template":"","meta":[],"_links":{"self":[{"href":"https:\/\/bdfil.ch\/boutique\/wp-json\/wp\/v2\/product\/1457"}],"collection":[{"href":"https:\/\/bdfil.ch\/boutique\/wp-json\/wp\/v2\/product"}],"about":[{"href":"https:\/\/bdfil.ch\/boutique\/wp-json\/wp\/v2\/types\/product"}],"replies":[{"embeddable":true,"href":"https:\/\/bdfil.ch\/boutique\/wp-json\/wp\/v2\/comments?post=1457"}],"wp:featuredmedia":[{"embeddable":true,"href":"https:\/\/bdfil.ch\/boutique\/wp-json\/wp\/v2\/media\/1458"}],"wp:attachment":[{"href":"https:\/\/bdfil.ch\/boutique\/wp-json\/wp\/v2\/media?parent=1457"}],"curies":[{"name":"wp","href":"https:\/\/api.w.org\/{rel}","templated":true}]}}