{"id":189,"date":"2012-07-23T11:37:54","date_gmt":"2012-07-23T09:37:54","guid":{"rendered":"http:\/\/www.bdfil.ch\/boutique\/?post_type=product&#038;p=189"},"modified":"2020-10-29T16:30:11","modified_gmt":"2020-10-29T14:30:11","slug":"affiche-2012-format-f4","status":"publish","type":"product","link":"https:\/\/bdfil.ch\/boutique\/produit\/affiche-2012-format-f4\/","title":{"rendered":"Affiche 2012 BDFIL Format F4"},"content":{"rendered":"<p>Affiche de l&rsquo;\u00e9dition 2012 de BD-FIL, dessin\u00e9e par Christophe Blain, l&rsquo;invit\u00e9 d&rsquo;honneur de cette \u00e9dition. Format F4, avec logos.<\/p>\n","protected":false},"excerpt":{"rendered":"<p>Affiche de l&rsquo;\u00e9dition 2012 de BD-FIL, dessin\u00e9e par Christophe Blain, l&rsquo;invit\u00e9 d&rsquo;honneur de cette \u00e9dition. Format F4, avec logos.<\/p>\n","protected":false},"featured_media":207,"comment_status":"open","ping_status":"closed","template":"","meta":[],"_links":{"self":[{"href":"https:\/\/bdfil.ch\/boutique\/wp-json\/wp\/v2\/product\/189"}],"collection":[{"href":"https:\/\/bdfil.ch\/boutique\/wp-json\/wp\/v2\/product"}],"about":[{"href":"https:\/\/bdfil.ch\/boutique\/wp-json\/wp\/v2\/types\/product"}],"replies":[{"embeddable":true,"href":"https:\/\/bdfil.ch\/boutique\/wp-json\/wp\/v2\/comments?post=189"}],"wp:featuredmedia":[{"embeddable":true,"href":"https:\/\/bdfil.ch\/boutique\/wp-json\/wp\/v2\/media\/207"}],"wp:attachment":[{"href":"https:\/\/bdfil.ch\/boutique\/wp-json\/wp\/v2\/media?parent=189"}],"curies":[{"name":"wp","href":"https:\/\/api.w.org\/{rel}","templated":true}]}}