{"id":22,"date":"2012-03-29T08:40:55","date_gmt":"2012-03-29T06:40:55","guid":{"rendered":"http:\/\/www.bdfil.ch\/boutique\/?post_type=product&#038;p=22"},"modified":"2018-09-27T11:44:36","modified_gmt":"2018-09-27T09:44:36","slug":"fireboxes","status":"publish","type":"product","link":"https:\/\/bdfil.ch\/boutique\/produit\/fireboxes\/","title":{"rendered":"Catalogue \u00ab\u00a0Fireboxes\u00a0\u00bb 2009"},"content":{"rendered":"<p>Opuscule, format 23\u00d714cm 38 pages, tout couleur, bilingue fran\u00e7ais-allemand, broch\u00e9, couverture souple. Avec les travaux de : Albertine, Peter B\u00e4der, Christophe Bertschy, Ana\u00efs Blondet ( laur\u00e9ate concours Dessinateurs de demain BD-FIL 2008), Christian Calame, Hayd\u00e9, Krum, Guillaume Long, Arbois, Macchia, Maga, Nadia Raviscioni, Melk Thalmann, Barbara Schrag.<\/p>\n<p>&nbsp;<\/p>\n","protected":false},"excerpt":{"rendered":"<p>Opuscule, format 23\u00d714cm 38 pages, tout couleur, bilingue fran\u00e7ais-allemand, broch\u00e9, couverture souple. Avec les travaux de : Albertine, Peter B\u00e4der, Christophe Bertschy, Ana\u00efs Blondet ( laur\u00e9ate concours Dessinateurs de demain BD-FIL 2008), Christian Calame, Hayd\u00e9, Krum, Guillaume Long, Arbois, Macchia, Maga, Nadia Raviscioni, Melk Thalmann, Barbara Schrag. &nbsp;<\/p>\n","protected":false},"featured_media":23,"comment_status":"open","ping_status":"closed","template":"","meta":[],"_links":{"self":[{"href":"https:\/\/bdfil.ch\/boutique\/wp-json\/wp\/v2\/product\/22"}],"collection":[{"href":"https:\/\/bdfil.ch\/boutique\/wp-json\/wp\/v2\/product"}],"about":[{"href":"https:\/\/bdfil.ch\/boutique\/wp-json\/wp\/v2\/types\/product"}],"replies":[{"embeddable":true,"href":"https:\/\/bdfil.ch\/boutique\/wp-json\/wp\/v2\/comments?post=22"}],"wp:featuredmedia":[{"embeddable":true,"href":"https:\/\/bdfil.ch\/boutique\/wp-json\/wp\/v2\/media\/23"}],"wp:attachment":[{"href":"https:\/\/bdfil.ch\/boutique\/wp-json\/wp\/v2\/media?parent=22"}],"curies":[{"name":"wp","href":"https:\/\/api.w.org\/{rel}","templated":true}]}}