{"id":24,"date":"2012-03-29T08:42:33","date_gmt":"2012-03-29T06:42:33","guid":{"rendered":"http:\/\/www.bdfil.ch\/boutique\/?post_type=product&#038;p=24"},"modified":"2018-09-27T11:44:36","modified_gmt":"2018-09-27T09:44:36","slug":"frederik-peeters","status":"publish","type":"product","link":"https:\/\/bdfil.ch\/boutique\/produit\/frederik-peeters\/","title":{"rendered":"Catalogue \u00ab\u00a0Frederik Peeters &#8211; Histoires naturelles\u00a0\u00bb 2009"},"content":{"rendered":"<p>Catalogue de l&rsquo;exposition Histoires Naturelles, format 20\u00d721cm, 36 pages, tout couleur,fran\u00e7ais, broch\u00e9, couverture souple<\/p>\n","protected":false},"excerpt":{"rendered":"<p>Catalogue de l&rsquo;exposition Histoires Naturelles, format 20\u00d721cm, 36 pages, tout couleur,fran\u00e7ais, broch\u00e9, couverture souple<\/p>\n","protected":false},"featured_media":25,"comment_status":"open","ping_status":"closed","template":"","meta":[],"_links":{"self":[{"href":"https:\/\/bdfil.ch\/boutique\/wp-json\/wp\/v2\/product\/24"}],"collection":[{"href":"https:\/\/bdfil.ch\/boutique\/wp-json\/wp\/v2\/product"}],"about":[{"href":"https:\/\/bdfil.ch\/boutique\/wp-json\/wp\/v2\/types\/product"}],"replies":[{"embeddable":true,"href":"https:\/\/bdfil.ch\/boutique\/wp-json\/wp\/v2\/comments?post=24"}],"wp:featuredmedia":[{"embeddable":true,"href":"https:\/\/bdfil.ch\/boutique\/wp-json\/wp\/v2\/media\/25"}],"wp:attachment":[{"href":"https:\/\/bdfil.ch\/boutique\/wp-json\/wp\/v2\/media?parent=24"}],"curies":[{"name":"wp","href":"https:\/\/api.w.org\/{rel}","templated":true}]}}