{"id":279,"date":"2013-09-18T16:50:45","date_gmt":"2013-09-18T14:50:45","guid":{"rendered":"http:\/\/www.bdfil.ch\/boutique\/produit\/tirage-de-tete-du-catalogue-catalogue-marini-inspirations-conspirations\/"},"modified":"2024-12-19T08:31:18","modified_gmt":"2024-12-19T06:31:18","slug":"tirage-de-tete-du-catalogue-catalogue-marini-inspirations-conspirations","status":"publish","type":"product","link":"https:\/\/bdfil.ch\/boutique\/produit\/tirage-de-tete-du-catalogue-catalogue-marini-inspirations-conspirations\/","title":{"rendered":"Tirage de t\u00eate du catalogue \u00ab\u00a0Marini  Inspirations &#8211; Conspirations\u00a0\u00bb 2013"},"content":{"rendered":"<p>Tirage limit\u00e9 \u00e0 200 exemplaires, couverture cartonn\u00e9e et toil\u00e9e, avec impression \u00e0 chaud.<\/p>\n<p>Chaque exemplaire est num\u00e9rot\u00e9 et sign\u00e9 par Enrico Marini et s\u2019accompagne d\u2019une s\u00e9rigraphie (\u00e9galement sign\u00e9e et num\u00e9rot\u00e9e par l&rsquo;auteur) en 5 couleurs du dessin de l\u2019affiche de BD-FIL 2013.<\/p>\n<p>Une carte postale exclusive du Scorpion ainsi qu\u2019un autocollant BD-FIL sont offerts en sus.<\/p>\n<p>&nbsp;<\/p>\n","protected":false},"excerpt":{"rendered":"<p>Tirage limit\u00e9 \u00e0 200 exemplaires, couverture cartonn\u00e9e et toil\u00e9e, avec impression \u00e0 chaud. Chaque exemplaire est num\u00e9rot\u00e9 et sign\u00e9 par Enrico Marini et s\u2019accompagne d\u2019une s\u00e9rigraphie (\u00e9galement sign\u00e9e et num\u00e9rot\u00e9e par l&rsquo;auteur) en 5 couleurs du dessin de l\u2019affiche de BD-FIL 2013. Une carte postale exclusive du Scorpion ainsi qu\u2019un autocollant BD-FIL sont offerts en [&hellip;]<\/p>\n","protected":false},"featured_media":287,"comment_status":"open","ping_status":"closed","template":"","meta":[],"_links":{"self":[{"href":"https:\/\/bdfil.ch\/boutique\/wp-json\/wp\/v2\/product\/279"}],"collection":[{"href":"https:\/\/bdfil.ch\/boutique\/wp-json\/wp\/v2\/product"}],"about":[{"href":"https:\/\/bdfil.ch\/boutique\/wp-json\/wp\/v2\/types\/product"}],"replies":[{"embeddable":true,"href":"https:\/\/bdfil.ch\/boutique\/wp-json\/wp\/v2\/comments?post=279"}],"wp:featuredmedia":[{"embeddable":true,"href":"https:\/\/bdfil.ch\/boutique\/wp-json\/wp\/v2\/media\/287"}],"wp:attachment":[{"href":"https:\/\/bdfil.ch\/boutique\/wp-json\/wp\/v2\/media?parent=279"}],"curies":[{"name":"wp","href":"https:\/\/api.w.org\/{rel}","templated":true}]}}