{"id":411,"date":"2014-09-04T11:52:24","date_gmt":"2014-09-04T09:52:24","guid":{"rendered":"http:\/\/www.bdfil.ch\/boutique\/?post_type=product&#038;p=411"},"modified":"2018-09-27T11:31:18","modified_gmt":"2018-09-27T09:31:18","slug":"catalogue-periples-masculins","status":"publish","type":"product","link":"https:\/\/bdfil.ch\/boutique\/produit\/catalogue-periples-masculins\/","title":{"rendered":"Catalogue \u00ab\u00a0P\u00e9riples masculins\u00a0\u00bb 2014"},"content":{"rendered":"<p>Catalogue de l&rsquo;exposition \u00ab\u00a0P\u00e9riples masculins\u00a0\u00bb, BD-FIL 2014<\/p>\n<p>15 planches\u00a0de\u00a0Peggy Adam, Albertine, Adrienne Barman, H\u00e9l\u00e8ne Becquelin, Anne Bory, Olga Fabrizio, Mirjana Farkas, Jo\u00eblle Isoz, C\u00e9cile Koepfli, Miriam Kerchenbaum, Lika N\u00fcssli, Ir\u00e8ne Schoch, Anna Sommer, Fanny Vaucher et Sylvie Wibaut.<\/p>\n","protected":false},"excerpt":{"rendered":"<p>Catalogue de l&rsquo;exposition \u00ab\u00a0P\u00e9riples masculins\u00a0\u00bb, BD-FIL 2014 15 planches\u00a0de\u00a0Peggy Adam, Albertine, Adrienne Barman, H\u00e9l\u00e8ne Becquelin, Anne Bory, Olga Fabrizio, Mirjana Farkas, Jo\u00eblle Isoz, C\u00e9cile Koepfli, Miriam Kerchenbaum, Lika N\u00fcssli, Ir\u00e8ne Schoch, Anna Sommer, Fanny Vaucher et Sylvie Wibaut.<\/p>\n","protected":false},"featured_media":412,"comment_status":"open","ping_status":"closed","template":"","meta":[],"_links":{"self":[{"href":"https:\/\/bdfil.ch\/boutique\/wp-json\/wp\/v2\/product\/411"}],"collection":[{"href":"https:\/\/bdfil.ch\/boutique\/wp-json\/wp\/v2\/product"}],"about":[{"href":"https:\/\/bdfil.ch\/boutique\/wp-json\/wp\/v2\/types\/product"}],"replies":[{"embeddable":true,"href":"https:\/\/bdfil.ch\/boutique\/wp-json\/wp\/v2\/comments?post=411"}],"wp:featuredmedia":[{"embeddable":true,"href":"https:\/\/bdfil.ch\/boutique\/wp-json\/wp\/v2\/media\/412"}],"wp:attachment":[{"href":"https:\/\/bdfil.ch\/boutique\/wp-json\/wp\/v2\/media?parent=411"}],"curies":[{"name":"wp","href":"https:\/\/api.w.org\/{rel}","templated":true}]}}