{"id":413,"date":"2014-09-04T12:04:50","date_gmt":"2014-09-04T10:04:50","guid":{"rendered":"http:\/\/www.bdfil.ch\/boutique\/?post_type=product&#038;p=413"},"modified":"2018-09-27T11:29:45","modified_gmt":"2018-09-27T09:29:45","slug":"catalogue-striptease","status":"publish","type":"product","link":"https:\/\/bdfil.ch\/boutique\/produit\/catalogue-striptease\/","title":{"rendered":"Catalogue \u00ab\u00a0Striptease\u00a0\u00bb 2014"},"content":{"rendered":"<p>Catalogue de l&rsquo;exposition \u00ab\u00a0Striptease\u00a0\u00bb, BDFIL 2014, avec les cr\u00e9ations des anciens laur\u00e9ats du concours Dessinateurs de Demain, de 2005 \u00e0 2014.<\/p>\n<p>Benjamin ADAM (France) ; Sylvain AMACHER (Suisse) ; Marion BARRAUD (France) ; Benjamin BOUCHET (France) ; Mathias BR\u00dcGGER (Suisse) ; Eglantine CEULEMANS (France) ;\u00a0Glen CHAPRON (France) ; CINDY COOKIE (France) ; Marion CLUZEL (France) ; CODAK (Suisse) ; Beno\u00eet DE BACKER (Belgique) ; Mathieu DE MUIZON (France) ; R\u00e9mi DEPREESTER (Belgique) ; Vincent DI SILVESTRO (Suisse) ; Julien DINKEL (Suisse) ; DUP (France) ; Christoffer ELLEGAARD (Suisse) ; FLEX (Suisse) ; Meili GERNET (Suisse) ; HELKARAVA (France) ; Sahin KAPLAN (Suisse) ; Dominique MERMOUX (France) ; Matthias PICARD (France) ; LILLU (France) ; Ma\u00eblle SCHALLER (Suisse) ; Vincent SOREL (France) et\u00a0Ethan TINTER (Angleterre).<\/p>\n","protected":false},"excerpt":{"rendered":"<p>Catalogue de l&rsquo;exposition \u00ab\u00a0Striptease\u00a0\u00bb, BDFIL 2014, avec les cr\u00e9ations des anciens laur\u00e9ats du concours Dessinateurs de Demain, de 2005 \u00e0 2014. Benjamin ADAM (France) ; Sylvain AMACHER (Suisse) ; Marion BARRAUD (France) ; Benjamin BOUCHET (France) ; Mathias BR\u00dcGGER (Suisse) ; Eglantine CEULEMANS (France) ;\u00a0Glen CHAPRON (France) ; CINDY COOKIE (France) ; Marion CLUZEL (France) [&hellip;]<\/p>\n","protected":false},"featured_media":443,"comment_status":"open","ping_status":"closed","template":"","meta":[],"_links":{"self":[{"href":"https:\/\/bdfil.ch\/boutique\/wp-json\/wp\/v2\/product\/413"}],"collection":[{"href":"https:\/\/bdfil.ch\/boutique\/wp-json\/wp\/v2\/product"}],"about":[{"href":"https:\/\/bdfil.ch\/boutique\/wp-json\/wp\/v2\/types\/product"}],"replies":[{"embeddable":true,"href":"https:\/\/bdfil.ch\/boutique\/wp-json\/wp\/v2\/comments?post=413"}],"wp:featuredmedia":[{"embeddable":true,"href":"https:\/\/bdfil.ch\/boutique\/wp-json\/wp\/v2\/media\/443"}],"wp:attachment":[{"href":"https:\/\/bdfil.ch\/boutique\/wp-json\/wp\/v2\/media?parent=413"}],"curies":[{"name":"wp","href":"https:\/\/api.w.org\/{rel}","templated":true}]}}