{"id":420,"date":"2014-09-04T13:36:43","date_gmt":"2014-09-04T11:36:43","guid":{"rendered":"http:\/\/www.bdfil.ch\/boutique\/?post_type=product&#038;p=420"},"modified":"2020-10-08T15:26:07","modified_gmt":"2020-10-08T13:26:07","slug":"affiche-2014-format-f4-sans-logo","status":"publish","type":"product","link":"https:\/\/bdfil.ch\/boutique\/produit\/affiche-2014-format-f4-sans-logo\/","title":{"rendered":"Affiche 2014 Trondheim Format F4 sans logo"},"content":{"rendered":"<p>Affiche de l\u2019\u00e9dition 2014 de BD-FIL, dessin\u00e9e par Lewis Trondheim, invit\u00e9 d\u2019honneur de cette \u00e9dition. Format F4, sans\u00a0logo.<\/p>\n","protected":false},"excerpt":{"rendered":"<p>Affiche de l\u2019\u00e9dition 2014 de BD-FIL, dessin\u00e9e par Lewis Trondheim, invit\u00e9 d\u2019honneur de cette \u00e9dition. Format F4, sans\u00a0logo.<\/p>\n","protected":false},"featured_media":439,"comment_status":"open","ping_status":"closed","template":"","meta":[],"_links":{"self":[{"href":"https:\/\/bdfil.ch\/boutique\/wp-json\/wp\/v2\/product\/420"}],"collection":[{"href":"https:\/\/bdfil.ch\/boutique\/wp-json\/wp\/v2\/product"}],"about":[{"href":"https:\/\/bdfil.ch\/boutique\/wp-json\/wp\/v2\/types\/product"}],"replies":[{"embeddable":true,"href":"https:\/\/bdfil.ch\/boutique\/wp-json\/wp\/v2\/comments?post=420"}],"wp:featuredmedia":[{"embeddable":true,"href":"https:\/\/bdfil.ch\/boutique\/wp-json\/wp\/v2\/media\/439"}],"wp:attachment":[{"href":"https:\/\/bdfil.ch\/boutique\/wp-json\/wp\/v2\/media?parent=420"}],"curies":[{"name":"wp","href":"https:\/\/api.w.org\/{rel}","templated":true}]}}