{"id":425,"date":"2014-09-04T13:55:19","date_gmt":"2014-09-04T11:55:19","guid":{"rendered":"http:\/\/www.bdfil.ch\/boutique\/?post_type=product&#038;p=425"},"modified":"2017-05-31T11:34:37","modified_gmt":"2017-05-31T09:34:37","slug":"set-cartes-postales-lewis-trondheim","status":"publish","type":"product","link":"https:\/\/bdfil.ch\/boutique\/produit\/set-cartes-postales-lewis-trondheim\/","title":{"rendered":"Booklet de cartes postales 2014 \u00ab\u00a0Promenade \u00e0 Trondheimland\u00a0\u00bb"},"content":{"rendered":"<p>Set sp\u00e9cial de 15 cartes postales r\u00e9alis\u00e9es par Lewis Trondheim pour l&rsquo;exposition \u00ab\u00a0Promenade \u00e0 Trondheimland\u00a0\u00bb \u00e0 l&rsquo;occasion des 10 ans\u00a0de BD-FIL.<\/p>\n","protected":false},"excerpt":{"rendered":"<p>Set sp\u00e9cial de 15 cartes postales r\u00e9alis\u00e9es par Lewis Trondheim pour l&rsquo;exposition \u00ab\u00a0Promenade \u00e0 Trondheimland\u00a0\u00bb \u00e0 l&rsquo;occasion des 10 ans\u00a0de BD-FIL.<\/p>\n","protected":false},"featured_media":426,"comment_status":"open","ping_status":"closed","template":"","meta":[],"_links":{"self":[{"href":"https:\/\/bdfil.ch\/boutique\/wp-json\/wp\/v2\/product\/425"}],"collection":[{"href":"https:\/\/bdfil.ch\/boutique\/wp-json\/wp\/v2\/product"}],"about":[{"href":"https:\/\/bdfil.ch\/boutique\/wp-json\/wp\/v2\/types\/product"}],"replies":[{"embeddable":true,"href":"https:\/\/bdfil.ch\/boutique\/wp-json\/wp\/v2\/comments?post=425"}],"wp:featuredmedia":[{"embeddable":true,"href":"https:\/\/bdfil.ch\/boutique\/wp-json\/wp\/v2\/media\/426"}],"wp:attachment":[{"href":"https:\/\/bdfil.ch\/boutique\/wp-json\/wp\/v2\/media?parent=425"}],"curies":[{"name":"wp","href":"https:\/\/api.w.org\/{rel}","templated":true}]}}