{"id":477,"date":"2015-09-15T10:38:02","date_gmt":"2015-09-15T08:38:02","guid":{"rendered":"http:\/\/www.bdfil.ch\/boutique\/produit\/affiche-2015-blutch-format-f4-sans-logo\/"},"modified":"2020-10-08T15:26:07","modified_gmt":"2020-10-08T13:26:07","slug":"affiche-2015-blutch-format-f4-sans-logo","status":"publish","type":"product","link":"https:\/\/bdfil.ch\/boutique\/produit\/affiche-2015-blutch-format-f4-sans-logo\/","title":{"rendered":"Affiche 2015 Blutch format F4 sans logos"},"content":{"rendered":"<p>Affiche Blutch de l\u2019\u00e9dition 2015 de BDFIL, dessin\u00e9e par Blutch, invit\u00e9 d\u2019honneur de cette \u00e9dition. Format F4, sans\u00a0logos.<\/p>\n","protected":false},"excerpt":{"rendered":"<p>Affiche Blutch de l\u2019\u00e9dition 2015 de BDFIL, dessin\u00e9e par Blutch, invit\u00e9 d\u2019honneur de cette \u00e9dition. Format F4, sans\u00a0logos.<\/p>\n","protected":false},"featured_media":479,"comment_status":"open","ping_status":"closed","template":"","meta":[],"_links":{"self":[{"href":"https:\/\/bdfil.ch\/boutique\/wp-json\/wp\/v2\/product\/477"}],"collection":[{"href":"https:\/\/bdfil.ch\/boutique\/wp-json\/wp\/v2\/product"}],"about":[{"href":"https:\/\/bdfil.ch\/boutique\/wp-json\/wp\/v2\/types\/product"}],"replies":[{"embeddable":true,"href":"https:\/\/bdfil.ch\/boutique\/wp-json\/wp\/v2\/comments?post=477"}],"wp:featuredmedia":[{"embeddable":true,"href":"https:\/\/bdfil.ch\/boutique\/wp-json\/wp\/v2\/media\/479"}],"wp:attachment":[{"href":"https:\/\/bdfil.ch\/boutique\/wp-json\/wp\/v2\/media?parent=477"}],"curies":[{"name":"wp","href":"https:\/\/api.w.org\/{rel}","templated":true}]}}