{"id":482,"date":"2015-09-15T10:57:46","date_gmt":"2015-09-15T08:57:46","guid":{"rendered":"http:\/\/www.bdfil.ch\/boutique\/produit\/affiche-2015-mickey-format-f4-avec-logos\/"},"modified":"2021-12-07T10:27:08","modified_gmt":"2021-12-07T08:27:08","slug":"affiche-2015-mickey-format-f4-avec-logos","status":"publish","type":"product","link":"https:\/\/bdfil.ch\/boutique\/produit\/affiche-2015-mickey-format-f4-avec-logos\/","title":{"rendered":"Affiche 2015 Mickey Format F4 avec logos"},"content":{"rendered":"<p>Affiche Mickey de l\u2019\u00e9dition 2015 de BDFIL, dessin\u00e9e par Cosey pour cette \u00e9dition.\u00a0Format F4, avec logos.<\/p>\n","protected":false},"excerpt":{"rendered":"<p>Affiche Mickey de l\u2019\u00e9dition 2015 de BDFIL, dessin\u00e9e par Cosey pour cette \u00e9dition.\u00a0Format F4, avec logos.<\/p>\n","protected":false},"featured_media":483,"comment_status":"open","ping_status":"closed","template":"","meta":[],"_links":{"self":[{"href":"https:\/\/bdfil.ch\/boutique\/wp-json\/wp\/v2\/product\/482"}],"collection":[{"href":"https:\/\/bdfil.ch\/boutique\/wp-json\/wp\/v2\/product"}],"about":[{"href":"https:\/\/bdfil.ch\/boutique\/wp-json\/wp\/v2\/types\/product"}],"replies":[{"embeddable":true,"href":"https:\/\/bdfil.ch\/boutique\/wp-json\/wp\/v2\/comments?post=482"}],"wp:featuredmedia":[{"embeddable":true,"href":"https:\/\/bdfil.ch\/boutique\/wp-json\/wp\/v2\/media\/483"}],"wp:attachment":[{"href":"https:\/\/bdfil.ch\/boutique\/wp-json\/wp\/v2\/media?parent=482"}],"curies":[{"name":"wp","href":"https:\/\/api.w.org\/{rel}","templated":true}]}}