{"id":484,"date":"2015-09-15T11:02:26","date_gmt":"2015-09-15T09:02:26","guid":{"rendered":"http:\/\/www.bdfil.ch\/boutique\/produit\/affiche-2015-mickey-format-f4-sans-logos\/"},"modified":"2020-10-08T15:26:05","modified_gmt":"2020-10-08T13:26:05","slug":"affiche-2015-mickey-format-f4-sans-logos","status":"publish","type":"product","link":"https:\/\/bdfil.ch\/boutique\/produit\/affiche-2015-mickey-format-f4-sans-logos\/","title":{"rendered":"Affiche 2015 Mickey Format F4 sans logos"},"content":{"rendered":"<p>Affiche Mickey de l\u2019\u00e9dition 2015 de BDFIL, dessin\u00e9e par Cosey pour cette \u00e9dition.\u00a0Format F4,\u00a0sans logos.<\/p>\n","protected":false},"excerpt":{"rendered":"<p>Affiche Mickey de l\u2019\u00e9dition 2015 de BDFIL, dessin\u00e9e par Cosey pour cette \u00e9dition.\u00a0Format F4,\u00a0sans logos.<\/p>\n","protected":false},"featured_media":485,"comment_status":"open","ping_status":"closed","template":"","meta":[],"_links":{"self":[{"href":"https:\/\/bdfil.ch\/boutique\/wp-json\/wp\/v2\/product\/484"}],"collection":[{"href":"https:\/\/bdfil.ch\/boutique\/wp-json\/wp\/v2\/product"}],"about":[{"href":"https:\/\/bdfil.ch\/boutique\/wp-json\/wp\/v2\/types\/product"}],"replies":[{"embeddable":true,"href":"https:\/\/bdfil.ch\/boutique\/wp-json\/wp\/v2\/comments?post=484"}],"wp:featuredmedia":[{"embeddable":true,"href":"https:\/\/bdfil.ch\/boutique\/wp-json\/wp\/v2\/media\/485"}],"wp:attachment":[{"href":"https:\/\/bdfil.ch\/boutique\/wp-json\/wp\/v2\/media?parent=484"}],"curies":[{"name":"wp","href":"https:\/\/api.w.org\/{rel}","templated":true}]}}