{"id":488,"date":"2015-09-15T13:45:28","date_gmt":"2015-09-15T11:45:28","guid":{"rendered":"http:\/\/www.bdfil.ch\/boutique\/?post_type=product&#038;p=488"},"modified":"2021-10-11T18:13:56","modified_gmt":"2021-10-11T16:13:56","slug":"illugraphie-blutch-2015-vue-sur-le-lac","status":"publish","type":"product","link":"https:\/\/bdfil.ch\/boutique\/produit\/illugraphie-blutch-2015-vue-sur-le-lac\/","title":{"rendered":"Illugraphie Blutch 2015"},"content":{"rendered":"<p><strong>Blutch, <em>Vue sur le lac <\/em>\u00a0(affiche BDFIL 2015)<\/strong><\/p>\n<p>Illugraphie sur Arches 100% coton, 325 x 265 mm<br \/>\ntir\u00e9e \u00e0 150 exemplaires (+XXV) sur les presses de Roger Emmenegger (Datatype SA, Lausanne)<br \/>\njustifi\u00e9e et sign\u00e9e par l&rsquo;artiste<\/p>\n<p>&nbsp;<\/p>\n","protected":false},"excerpt":{"rendered":"<p>Blutch, Vue sur le lac \u00a0(affiche BDFIL 2015) Illugraphie sur Arches 100% coton, 325 x 265 mm tir\u00e9e \u00e0 150 exemplaires (+XXV) sur les presses de Roger Emmenegger (Datatype SA, Lausanne) justifi\u00e9e et sign\u00e9e par l&rsquo;artiste &nbsp;<\/p>\n","protected":false},"featured_media":1186,"comment_status":"open","ping_status":"closed","template":"","meta":[],"_links":{"self":[{"href":"https:\/\/bdfil.ch\/boutique\/wp-json\/wp\/v2\/product\/488"}],"collection":[{"href":"https:\/\/bdfil.ch\/boutique\/wp-json\/wp\/v2\/product"}],"about":[{"href":"https:\/\/bdfil.ch\/boutique\/wp-json\/wp\/v2\/types\/product"}],"replies":[{"embeddable":true,"href":"https:\/\/bdfil.ch\/boutique\/wp-json\/wp\/v2\/comments?post=488"}],"wp:featuredmedia":[{"embeddable":true,"href":"https:\/\/bdfil.ch\/boutique\/wp-json\/wp\/v2\/media\/1186"}],"wp:attachment":[{"href":"https:\/\/bdfil.ch\/boutique\/wp-json\/wp\/v2\/media?parent=488"}],"curies":[{"name":"wp","href":"https:\/\/api.w.org\/{rel}","templated":true}]}}