{"id":491,"date":"2015-09-15T13:48:59","date_gmt":"2015-09-15T11:48:59","guid":{"rendered":"http:\/\/www.bdfil.ch\/boutique\/produit\/illugraphie-mickey-2015\/"},"modified":"2023-05-15T16:18:46","modified_gmt":"2023-05-15T14:18:46","slug":"illugraphie-mickey-2015","status":"publish","type":"product","link":"https:\/\/bdfil.ch\/boutique\/produit\/illugraphie-mickey-2015\/","title":{"rendered":"Illugraphie Cosey 2015"},"content":{"rendered":"<p><strong>Cosey, <em>Mickey on his way back <\/em>(affiche <em>Mickey<\/em>, BDFIL 2015)<\/strong><\/p>\n<p>Illugraphie sur Arches 100% coton, 325 x 265 mm<br \/>\ntir\u00e9e \u00e0 150 exemplaires (+XXV) sur les presses de Roger Emmenegger (Datatype SA, Lausanne)<br \/>\njustifi\u00e9e et sign\u00e9e par l\u2019artiste<\/p>\n","protected":false},"excerpt":{"rendered":"<p>Cosey, Mickey on his way back (affiche Mickey, BDFIL 2015) Illugraphie sur Arches 100% coton, 325 x 265 mm tir\u00e9e \u00e0 150 exemplaires (+XXV) sur les presses de Roger Emmenegger (Datatype SA, Lausanne) justifi\u00e9e et sign\u00e9e par l\u2019artiste<\/p>\n","protected":false},"featured_media":1187,"comment_status":"open","ping_status":"closed","template":"","meta":[],"_links":{"self":[{"href":"https:\/\/bdfil.ch\/boutique\/wp-json\/wp\/v2\/product\/491"}],"collection":[{"href":"https:\/\/bdfil.ch\/boutique\/wp-json\/wp\/v2\/product"}],"about":[{"href":"https:\/\/bdfil.ch\/boutique\/wp-json\/wp\/v2\/types\/product"}],"replies":[{"embeddable":true,"href":"https:\/\/bdfil.ch\/boutique\/wp-json\/wp\/v2\/comments?post=491"}],"wp:featuredmedia":[{"embeddable":true,"href":"https:\/\/bdfil.ch\/boutique\/wp-json\/wp\/v2\/media\/1187"}],"wp:attachment":[{"href":"https:\/\/bdfil.ch\/boutique\/wp-json\/wp\/v2\/media?parent=491"}],"curies":[{"name":"wp","href":"https:\/\/api.w.org\/{rel}","templated":true}]}}