{"id":560,"date":"2016-08-31T11:00:07","date_gmt":"2016-08-31T09:00:07","guid":{"rendered":"http:\/\/www.bdfil.ch\/boutique\/produit\/illugraphie-derib-2016\/"},"modified":"2021-10-11T17:44:09","modified_gmt":"2021-10-11T15:44:09","slug":"illugraphie-derib-2016","status":"publish","type":"product","link":"https:\/\/bdfil.ch\/boutique\/produit\/illugraphie-derib-2016\/","title":{"rendered":"Illugraphie Derib 2016"},"content":{"rendered":"<p><strong>Derib, <em>Nicolette<\/em>, 1966-2016 (\u00ab\u00a0Arnaud de Casteloup\u00a0\u00bb, <em>Spirou<\/em>, 1966)<\/strong><\/p>\n<p>Illugraphie sur Arches 100% coton, 400 x 300 mm<br \/>\ntir\u00e9e \u00e0 150 exemplaires (+XXV) sur les presses de Roger Emmenegger (Datatype SA, Lausanne)<br \/>\njustifi\u00e9e et sign\u00e9e par l&rsquo;artiste<\/p>\n<p>&nbsp;<\/p>\n","protected":false},"excerpt":{"rendered":"<p>Derib, Nicolette, 1966-2016 (\u00ab\u00a0Arnaud de Casteloup\u00a0\u00bb, Spirou, 1966) Illugraphie sur Arches 100% coton, 400 x 300 mm tir\u00e9e \u00e0 150 exemplaires (+XXV) sur les presses de Roger Emmenegger (Datatype SA, Lausanne) justifi\u00e9e et sign\u00e9e par l&rsquo;artiste &nbsp;<\/p>\n","protected":false},"featured_media":559,"comment_status":"open","ping_status":"closed","template":"","meta":[],"_links":{"self":[{"href":"https:\/\/bdfil.ch\/boutique\/wp-json\/wp\/v2\/product\/560"}],"collection":[{"href":"https:\/\/bdfil.ch\/boutique\/wp-json\/wp\/v2\/product"}],"about":[{"href":"https:\/\/bdfil.ch\/boutique\/wp-json\/wp\/v2\/types\/product"}],"replies":[{"embeddable":true,"href":"https:\/\/bdfil.ch\/boutique\/wp-json\/wp\/v2\/comments?post=560"}],"wp:featuredmedia":[{"embeddable":true,"href":"https:\/\/bdfil.ch\/boutique\/wp-json\/wp\/v2\/media\/559"}],"wp:attachment":[{"href":"https:\/\/bdfil.ch\/boutique\/wp-json\/wp\/v2\/media?parent=560"}],"curies":[{"name":"wp","href":"https:\/\/api.w.org\/{rel}","templated":true}]}}