{"id":561,"date":"2016-08-31T11:00:16","date_gmt":"2016-08-31T09:00:16","guid":{"rendered":"http:\/\/www.bdfil.ch\/boutique\/produit\/booklet-de-cartes-postales-2016\/"},"modified":"2024-10-10T04:17:08","modified_gmt":"2024-10-10T02:17:08","slug":"booklet-de-cartes-postales-2016","status":"publish","type":"product","link":"https:\/\/bdfil.ch\/boutique\/produit\/booklet-de-cartes-postales-2016\/","title":{"rendered":"Booklet de cartes postales 2016"},"content":{"rendered":"<p>Carnet souvenir de 13 cartes postales\u00a0r\u00e9alis\u00e9 \u00e0 l&rsquo;occasion des 12 ans\u00a0de BDFIL, avec des reproductions de Derib, Winsor McCay, ATAK, David B., Paolo Bacilieri, Fr\u00e9d\u00e9ric Boilet, Eddie Campbel, Catherine Meurisse, JC Menu et Wazem.<\/p>\n","protected":false},"excerpt":{"rendered":"<p>Carnet souvenir de 13 cartes postales\u00a0r\u00e9alis\u00e9 \u00e0 l&rsquo;occasion des 12 ans\u00a0de BDFIL, avec des reproductions de Derib, Winsor McCay, ATAK, David B., Paolo Bacilieri, Fr\u00e9d\u00e9ric Boilet, Eddie Campbel, Catherine Meurisse, JC Menu et Wazem.<\/p>\n","protected":false},"featured_media":558,"comment_status":"open","ping_status":"closed","template":"","meta":[],"_links":{"self":[{"href":"https:\/\/bdfil.ch\/boutique\/wp-json\/wp\/v2\/product\/561"}],"collection":[{"href":"https:\/\/bdfil.ch\/boutique\/wp-json\/wp\/v2\/product"}],"about":[{"href":"https:\/\/bdfil.ch\/boutique\/wp-json\/wp\/v2\/types\/product"}],"replies":[{"embeddable":true,"href":"https:\/\/bdfil.ch\/boutique\/wp-json\/wp\/v2\/comments?post=561"}],"wp:featuredmedia":[{"embeddable":true,"href":"https:\/\/bdfil.ch\/boutique\/wp-json\/wp\/v2\/media\/558"}],"wp:attachment":[{"href":"https:\/\/bdfil.ch\/boutique\/wp-json\/wp\/v2\/media?parent=561"}],"curies":[{"name":"wp","href":"https:\/\/api.w.org\/{rel}","templated":true}]}}