{"id":562,"date":"2016-09-01T11:18:30","date_gmt":"2016-09-01T09:18:30","guid":{"rendered":"http:\/\/www.bdfil.ch\/boutique\/produit\/affiche-2016-retrospective-derib-format-f4-avec-logos\/"},"modified":"2023-06-13T15:25:12","modified_gmt":"2023-06-13T13:25:12","slug":"affiche-2016-retrospective-derib-format-f4-avec-logos","status":"publish","type":"product","link":"https:\/\/bdfil.ch\/boutique\/produit\/affiche-2016-retrospective-derib-format-f4-avec-logos\/","title":{"rendered":"Affiche 2016 R\u00e9trospective Derib Format F4 avec logos"},"content":{"rendered":"<p>Affiche de l&rsquo;exposition <em>R\u00e9trospective Derib<\/em> de l\u2019\u00e9dition 2016 de BDFIL, dessin\u00e9e par Derib pour cette \u00e9dition.\u00a0Format F4, avec logos.<\/p>\n","protected":false},"excerpt":{"rendered":"<p>Affiche de l&rsquo;exposition R\u00e9trospective Derib de l\u2019\u00e9dition 2016 de BDFIL, dessin\u00e9e par Derib pour cette \u00e9dition.\u00a0Format F4, avec logos.<\/p>\n","protected":false},"featured_media":552,"comment_status":"open","ping_status":"closed","template":"","meta":[],"_links":{"self":[{"href":"https:\/\/bdfil.ch\/boutique\/wp-json\/wp\/v2\/product\/562"}],"collection":[{"href":"https:\/\/bdfil.ch\/boutique\/wp-json\/wp\/v2\/product"}],"about":[{"href":"https:\/\/bdfil.ch\/boutique\/wp-json\/wp\/v2\/types\/product"}],"replies":[{"embeddable":true,"href":"https:\/\/bdfil.ch\/boutique\/wp-json\/wp\/v2\/comments?post=562"}],"wp:featuredmedia":[{"embeddable":true,"href":"https:\/\/bdfil.ch\/boutique\/wp-json\/wp\/v2\/media\/552"}],"wp:attachment":[{"href":"https:\/\/bdfil.ch\/boutique\/wp-json\/wp\/v2\/media?parent=562"}],"curies":[{"name":"wp","href":"https:\/\/api.w.org\/{rel}","templated":true}]}}