{"id":636,"date":"2017-08-14T10:25:56","date_gmt":"2017-08-14T08:25:56","guid":{"rendered":"http:\/\/www.bdfil.ch\/boutique\/?post_type=product&#038;p=636"},"modified":"2020-10-08T15:26:04","modified_gmt":"2020-10-08T13:26:04","slug":"636","status":"publish","type":"product","link":"https:\/\/bdfil.ch\/boutique\/produit\/636\/","title":{"rendered":"Affiche 2017 BDFIL \u00ab\u00a0Poulpe\u00a0\u00bb format F4 sans logo"},"content":{"rendered":"<p>Affiche \u00ab\u00a0Poulpe\u00a0\u00bb de l\u2019\u00e9dition 2017 de BDFIL, dessin\u00e9e par Anna Sommer pour cette \u00e9dition.\u00a0Format F4,\u00a0sans\u00a0logo.<\/p>\n","protected":false},"excerpt":{"rendered":"<p>Affiche \u00ab\u00a0Poulpe\u00a0\u00bb de l\u2019\u00e9dition 2017 de BDFIL, dessin\u00e9e par Anna Sommer pour cette \u00e9dition.\u00a0Format F4,\u00a0sans\u00a0logo.<\/p>\n","protected":false},"featured_media":637,"comment_status":"open","ping_status":"closed","template":"","meta":[],"_links":{"self":[{"href":"https:\/\/bdfil.ch\/boutique\/wp-json\/wp\/v2\/product\/636"}],"collection":[{"href":"https:\/\/bdfil.ch\/boutique\/wp-json\/wp\/v2\/product"}],"about":[{"href":"https:\/\/bdfil.ch\/boutique\/wp-json\/wp\/v2\/types\/product"}],"replies":[{"embeddable":true,"href":"https:\/\/bdfil.ch\/boutique\/wp-json\/wp\/v2\/comments?post=636"}],"wp:featuredmedia":[{"embeddable":true,"href":"https:\/\/bdfil.ch\/boutique\/wp-json\/wp\/v2\/media\/637"}],"wp:attachment":[{"href":"https:\/\/bdfil.ch\/boutique\/wp-json\/wp\/v2\/media?parent=636"}],"curies":[{"name":"wp","href":"https:\/\/api.w.org\/{rel}","templated":true}]}}