{"id":697,"date":"2017-09-25T10:59:01","date_gmt":"2017-09-25T08:59:01","guid":{"rendered":"http:\/\/www.bdfil.ch\/boutique\/?post_type=product&#038;p=697"},"modified":"2020-12-07T11:32:39","modified_gmt":"2020-12-07T09:32:39","slug":"booklet-de-cartes-postales-2017-anna-sommer","status":"publish","type":"product","link":"https:\/\/bdfil.ch\/boutique\/produit\/booklet-de-cartes-postales-2017-anna-sommer\/","title":{"rendered":"Booklet de cartes postales 2017 &#8211; Anna Sommer"},"content":{"rendered":"<p>Carnet souvenir de 13 cartes postales\u00a0r\u00e9alis\u00e9 \u00e0 l&rsquo;occasion des 13 ans\u00a0de BDFIL, avec des reproductions d&rsquo;Anna Sommer, Steinlen, Anouk Ricard, Herr Seele, Kamakurga, Zep, Mix&amp;Remix, Exem.<\/p>\n","protected":false},"excerpt":{"rendered":"<p>13 cartes postales en souvenir des expositions de la 13e \u00e9dition de BDFIL.<\/p>\n","protected":false},"featured_media":690,"comment_status":"open","ping_status":"closed","template":"","meta":[],"_links":{"self":[{"href":"https:\/\/bdfil.ch\/boutique\/wp-json\/wp\/v2\/product\/697"}],"collection":[{"href":"https:\/\/bdfil.ch\/boutique\/wp-json\/wp\/v2\/product"}],"about":[{"href":"https:\/\/bdfil.ch\/boutique\/wp-json\/wp\/v2\/types\/product"}],"replies":[{"embeddable":true,"href":"https:\/\/bdfil.ch\/boutique\/wp-json\/wp\/v2\/comments?post=697"}],"wp:featuredmedia":[{"embeddable":true,"href":"https:\/\/bdfil.ch\/boutique\/wp-json\/wp\/v2\/media\/690"}],"wp:attachment":[{"href":"https:\/\/bdfil.ch\/boutique\/wp-json\/wp\/v2\/media?parent=697"}],"curies":[{"name":"wp","href":"https:\/\/api.w.org\/{rel}","templated":true}]}}