{"id":699,"date":"2017-09-26T11:02:42","date_gmt":"2017-09-26T09:02:42","guid":{"rendered":"http:\/\/www.bdfil.ch\/boutique\/?post_type=product&#038;p=699"},"modified":"2017-09-26T11:02:42","modified_gmt":"2017-09-26T09:02:42","slug":"etiquettes-de-vin-2017","status":"publish","type":"product","link":"https:\/\/bdfil.ch\/boutique\/produit\/etiquettes-de-vin-2017\/","title":{"rendered":"\u00c9tiquettes de vin 2017"},"content":{"rendered":"<p>Jeu d&rsquo;\u00e9tiquettes de vin, \u00e9dition 2017 (rouge et blanc)<\/p>\n<p>D&rsquo;apr\u00e8s le visuel dessin\u00e9 par Anna Sommer (invit\u00e9e d&rsquo;honneur 2017)<\/p>\n<p>&nbsp;<\/p>\n","protected":false},"excerpt":{"rendered":"<p>Jeu d&rsquo;\u00e9tiquettes de vin BDFIL 2017<\/p>\n","protected":false},"featured_media":701,"comment_status":"open","ping_status":"closed","template":"","meta":[],"_links":{"self":[{"href":"https:\/\/bdfil.ch\/boutique\/wp-json\/wp\/v2\/product\/699"}],"collection":[{"href":"https:\/\/bdfil.ch\/boutique\/wp-json\/wp\/v2\/product"}],"about":[{"href":"https:\/\/bdfil.ch\/boutique\/wp-json\/wp\/v2\/types\/product"}],"replies":[{"embeddable":true,"href":"https:\/\/bdfil.ch\/boutique\/wp-json\/wp\/v2\/comments?post=699"}],"wp:featuredmedia":[{"embeddable":true,"href":"https:\/\/bdfil.ch\/boutique\/wp-json\/wp\/v2\/media\/701"}],"wp:attachment":[{"href":"https:\/\/bdfil.ch\/boutique\/wp-json\/wp\/v2\/media?parent=699"}],"curies":[{"name":"wp","href":"https:\/\/api.w.org\/{rel}","templated":true}]}}