{"id":75,"date":"2012-04-02T07:41:18","date_gmt":"2012-04-02T05:41:18","guid":{"rendered":"http:\/\/www.bdfil.ch\/boutique\/?post_type=product&#038;p=75"},"modified":"2020-10-29T16:33:53","modified_gmt":"2020-10-29T14:33:53","slug":"zep-le-portrait-dessine","status":"publish","type":"product","link":"https:\/\/bdfil.ch\/boutique\/produit\/zep-le-portrait-dessine\/","title":{"rendered":"Catalogue \u00ab\u00a0Zep &#8211; Le portrait dessin\u00e9\u00a0\u00bb 2010"},"content":{"rendered":"<p>Catalogue de l&rsquo;exposition \u00e9ponyme, format 21x24cm, 144 pages, couleurs, couverture souple avec d\u00e9coupe. Co-\u00e9dition mudac\/BD-FIL.<\/p>\n","protected":false},"excerpt":{"rendered":"<p>Catalogue de l&rsquo;exposition \u00e9ponyme, format 21x24cm, 144 pages, couleurs, couverture souple avec d\u00e9coupe. Co-\u00e9dition mudac\/BD-FIL.<\/p>\n","protected":false},"featured_media":76,"comment_status":"open","ping_status":"closed","template":"","meta":[],"_links":{"self":[{"href":"https:\/\/bdfil.ch\/boutique\/wp-json\/wp\/v2\/product\/75"}],"collection":[{"href":"https:\/\/bdfil.ch\/boutique\/wp-json\/wp\/v2\/product"}],"about":[{"href":"https:\/\/bdfil.ch\/boutique\/wp-json\/wp\/v2\/types\/product"}],"replies":[{"embeddable":true,"href":"https:\/\/bdfil.ch\/boutique\/wp-json\/wp\/v2\/comments?post=75"}],"wp:featuredmedia":[{"embeddable":true,"href":"https:\/\/bdfil.ch\/boutique\/wp-json\/wp\/v2\/media\/76"}],"wp:attachment":[{"href":"https:\/\/bdfil.ch\/boutique\/wp-json\/wp\/v2\/media?parent=75"}],"curies":[{"name":"wp","href":"https:\/\/api.w.org\/{rel}","templated":true}]}}