{"id":78,"date":"2012-04-02T07:43:06","date_gmt":"2012-04-02T05:43:06","guid":{"rendered":"http:\/\/www.bdfil.ch\/boutique\/?post_type=product&#038;p=78"},"modified":"2018-09-27T11:44:36","modified_gmt":"2018-09-27T09:44:36","slug":"les-7-peches-capitaux","status":"publish","type":"product","link":"https:\/\/bdfil.ch\/boutique\/produit\/les-7-peches-capitaux\/","title":{"rendered":"Catalogue \u00ab\u00a0Les 7 P\u00e9ch\u00e9s Capitaux\u00a0\u00bb 2011"},"content":{"rendered":"<p>Catalogue, format 29x22cm, 64 pages, couleurs, couverture souple. Avec les travaux de : Karine Bernadou, Lucie Durbiano, Camille Jourdy, Julie Maroh, Gabrielle Piquet, Ma\u00eblle Schaller, Anna Sommeret, Alfred, Gion Capeder, Abstien Gachet, Andreas Gefe, Frederik Peeters, Mathieu Sapin et Bastien Viv\u00e8s,sur le th\u00e8me des 7 p\u00e9ch\u00e9s capitaux.<\/p>\n","protected":false},"excerpt":{"rendered":"<p>Catalogue, format 29x22cm, 64 pages, couleurs, couverture souple. Avec les travaux de : Karine Bernadou, Lucie Durbiano, Camille Jourdy, Julie Maroh, Gabrielle Piquet, Ma\u00eblle Schaller, Anna Sommeret, Alfred, Gion Capeder, Abstien Gachet, Andreas Gefe, Frederik Peeters, Mathieu Sapin et Bastien Viv\u00e8s,sur le th\u00e8me des 7 p\u00e9ch\u00e9s capitaux.<\/p>\n","protected":false},"featured_media":204,"comment_status":"open","ping_status":"closed","template":"","meta":[],"_links":{"self":[{"href":"https:\/\/bdfil.ch\/boutique\/wp-json\/wp\/v2\/product\/78"}],"collection":[{"href":"https:\/\/bdfil.ch\/boutique\/wp-json\/wp\/v2\/product"}],"about":[{"href":"https:\/\/bdfil.ch\/boutique\/wp-json\/wp\/v2\/types\/product"}],"replies":[{"embeddable":true,"href":"https:\/\/bdfil.ch\/boutique\/wp-json\/wp\/v2\/comments?post=78"}],"wp:featuredmedia":[{"embeddable":true,"href":"https:\/\/bdfil.ch\/boutique\/wp-json\/wp\/v2\/media\/204"}],"wp:attachment":[{"href":"https:\/\/bdfil.ch\/boutique\/wp-json\/wp\/v2\/media?parent=78"}],"curies":[{"name":"wp","href":"https:\/\/api.w.org\/{rel}","templated":true}]}}