{"id":908,"date":"2020-10-08T15:54:34","date_gmt":"2020-10-08T13:54:34","guid":{"rendered":"http:\/\/www.bdfil.ch\/boutique\/?post_type=product&#038;p=908"},"modified":"2022-01-19T10:39:41","modified_gmt":"2022-01-19T08:39:41","slug":"affiche-bdfil-2020-deconfinature-f4-avec-logos","status":"publish","type":"product","link":"https:\/\/bdfil.ch\/boutique\/produit\/affiche-bdfil-2020-deconfinature-f4-avec-logos\/","title":{"rendered":"Affiche BDFIL 2020 \u00ab\u00a0D\u00e9confinature\u00a0\u00bb"},"content":{"rendered":"<p>Affiche de l\u2019\u00e9dition 2020 de BDFIL, dessin\u00e9e par Nikita Mandryka pour cette \u00e9dition.<br \/>\nDiff\u00e9rents formats \u00e0 choix : F4, A2 ou A3<\/p>\n","protected":false},"excerpt":{"rendered":"<p>Affiche de l\u2019\u00e9dition 2020 de BDFIL avec logo, dessin\u00e9e par Nikita Mandryka<\/p>\n","protected":false},"featured_media":909,"comment_status":"open","ping_status":"closed","template":"","meta":[],"_links":{"self":[{"href":"https:\/\/bdfil.ch\/boutique\/wp-json\/wp\/v2\/product\/908"}],"collection":[{"href":"https:\/\/bdfil.ch\/boutique\/wp-json\/wp\/v2\/product"}],"about":[{"href":"https:\/\/bdfil.ch\/boutique\/wp-json\/wp\/v2\/types\/product"}],"replies":[{"embeddable":true,"href":"https:\/\/bdfil.ch\/boutique\/wp-json\/wp\/v2\/comments?post=908"}],"wp:featuredmedia":[{"embeddable":true,"href":"https:\/\/bdfil.ch\/boutique\/wp-json\/wp\/v2\/media\/909"}],"wp:attachment":[{"href":"https:\/\/bdfil.ch\/boutique\/wp-json\/wp\/v2\/media?parent=908"}],"curies":[{"name":"wp","href":"https:\/\/api.w.org\/{rel}","templated":true}]}}