{"id":96,"date":"2012-04-04T18:26:39","date_gmt":"2012-04-04T16:26:39","guid":{"rendered":"http:\/\/www.bdfil.ch\/boutique\/?post_type=product&#038;p=96"},"modified":"2020-12-10T13:54:04","modified_gmt":"2020-12-10T11:54:04","slug":"96","status":"publish","type":"product","link":"https:\/\/bdfil.ch\/boutique\/produit\/96\/","title":{"rendered":"S\u00e9rigraphie Affiche BDFIL 2009 Format A3 Sign\u00e9e par Frederik Peeters"},"content":{"rendered":"<p style=\"text-align: justify;\">S\u00e9rigraphie 5 couleurs de l&rsquo;affiche BD-FIL 2009,\u00a0 sign\u00e9e et num\u00e9rot\u00e9e par son auteur, Frederik Peeters<\/p>\n","protected":false},"excerpt":{"rendered":"<p>S\u00e9rigraphie 5 couleurs de l&rsquo;affiche BD-FIL 2009,\u00a0 sign\u00e9e et num\u00e9rot\u00e9e par son auteur, Frederik Peeters<\/p>\n","protected":false},"featured_media":97,"comment_status":"open","ping_status":"closed","template":"","meta":[],"_links":{"self":[{"href":"https:\/\/bdfil.ch\/boutique\/wp-json\/wp\/v2\/product\/96"}],"collection":[{"href":"https:\/\/bdfil.ch\/boutique\/wp-json\/wp\/v2\/product"}],"about":[{"href":"https:\/\/bdfil.ch\/boutique\/wp-json\/wp\/v2\/types\/product"}],"replies":[{"embeddable":true,"href":"https:\/\/bdfil.ch\/boutique\/wp-json\/wp\/v2\/comments?post=96"}],"wp:featuredmedia":[{"embeddable":true,"href":"https:\/\/bdfil.ch\/boutique\/wp-json\/wp\/v2\/media\/97"}],"wp:attachment":[{"href":"https:\/\/bdfil.ch\/boutique\/wp-json\/wp\/v2\/media?parent=96"}],"curies":[{"name":"wp","href":"https:\/\/api.w.org\/{rel}","templated":true}]}}