{"id":987,"date":"2020-10-29T16:47:01","date_gmt":"2020-10-29T14:47:01","guid":{"rendered":"http:\/\/www.bdfil.ch\/boutique\/?post_type=product&#038;p=987"},"modified":"2023-11-14T00:23:26","modified_gmt":"2023-11-13T22:23:26","slug":"affiche-bdfil-2020-floch-edition-limitee","status":"publish","type":"product","link":"https:\/\/bdfil.ch\/boutique\/produit\/affiche-bdfil-2020-floch-edition-limitee\/","title":{"rendered":"Affiche BDFIL 2020 \u00ab\u00a0Floch'\u00a0\u00bb &#8211; Edition limit\u00e9e"},"content":{"rendered":"<p>Affiche du visuel de Floc&rsquo;h expos\u00e9 devant le Palais de Rumine lors de notre op\u00e9ration \u00ab\u00a0D\u00e9confinature!!!&#8230;\u00a0\u00bb<br \/>\nFormat 128 x 61 cm, papier poster 200 gr<\/p>\n","protected":false},"excerpt":{"rendered":"<p>Affiche du visuel de Floc&rsquo;h expos\u00e9 devant le Palais de Rumine lors de notre op\u00e9ration \u00ab\u00a0D\u00e9confinature!!!&#8230;\u00a0\u00bb<br \/>\nFormat 128 x 61 cm, papier poster 200 gr<\/p>\n","protected":false},"featured_media":992,"comment_status":"open","ping_status":"closed","template":"","meta":[],"_links":{"self":[{"href":"https:\/\/bdfil.ch\/boutique\/wp-json\/wp\/v2\/product\/987"}],"collection":[{"href":"https:\/\/bdfil.ch\/boutique\/wp-json\/wp\/v2\/product"}],"about":[{"href":"https:\/\/bdfil.ch\/boutique\/wp-json\/wp\/v2\/types\/product"}],"replies":[{"embeddable":true,"href":"https:\/\/bdfil.ch\/boutique\/wp-json\/wp\/v2\/comments?post=987"}],"wp:featuredmedia":[{"embeddable":true,"href":"https:\/\/bdfil.ch\/boutique\/wp-json\/wp\/v2\/media\/992"}],"wp:attachment":[{"href":"https:\/\/bdfil.ch\/boutique\/wp-json\/wp\/v2\/media?parent=987"}],"curies":[{"name":"wp","href":"https:\/\/api.w.org\/{rel}","templated":true}]}}